{"id":7,"date":"2025-08-13T12:30:08","date_gmt":"2025-08-13T12:30:08","guid":{"rendered":"http:\/\/localhost\/wordpress\/?page_id=2"},"modified":"2025-09-01T10:50:23","modified_gmt":"2025-09-01T10:50:23","slug":"sample-page-2","status":"publish","type":"page","link":"https:\/\/www.skladyreporyje.cz\/","title":{"rendered":"Kontejnerov\u00e9 sklady k pron\u00e1jmu"},"content":{"rendered":"\n<p>Sklady se nach\u00e1z\u00ed 3 minuty od Pra\u017esk\u00e9ho okruhu v ulici K Beton\u00e1rn\u011b, 155 00 \u0158eporyje.<\/p>\n\n\n\n<p><\/p>\n","protected":false},"excerpt":{"rendered":"<p>Sklady se nach\u00e1z\u00ed 3 minuty od Pra\u017esk\u00e9ho okruhu v ulici K Beton\u00e1rn\u011b, 155 00 \u0158eporyje.<\/p>\n","protected":false},"author":1,"featured_media":12,"parent":0,"menu_order":0,"comment_status":"closed","ping_status":"open","template":"template-frontpage.php","meta":{"footnotes":""},"class_list":["post-7","page","type-page","status-publish","has-post-thumbnail","hentry"],"_links":{"self":[{"href":"https:\/\/www.skladyreporyje.cz\/index.php?rest_route=\/wp\/v2\/pages\/7","targetHints":{"allow":["GET"]}}],"collection":[{"href":"https:\/\/www.skladyreporyje.cz\/index.php?rest_route=\/wp\/v2\/pages"}],"about":[{"href":"https:\/\/www.skladyreporyje.cz\/index.php?rest_route=\/wp\/v2\/types\/page"}],"author":[{"embeddable":true,"href":"https:\/\/www.skladyreporyje.cz\/index.php?rest_route=\/wp\/v2\/users\/1"}],"replies":[{"embeddable":true,"href":"https:\/\/www.skladyreporyje.cz\/index.php?rest_route=%2Fwp%2Fv2%2Fcomments&post=7"}],"version-history":[{"count":3,"href":"https:\/\/www.skladyreporyje.cz\/index.php?rest_route=\/wp\/v2\/pages\/7\/revisions"}],"predecessor-version":[{"id":52,"href":"https:\/\/www.skladyreporyje.cz\/index.php?rest_route=\/wp\/v2\/pages\/7\/revisions\/52"}],"wp:featuredmedia":[{"embeddable":true,"href":"https:\/\/www.skladyreporyje.cz\/index.php?rest_route=\/wp\/v2\/media\/12"}],"wp:attachment":[{"href":"https:\/\/www.skladyreporyje.cz\/index.php?rest_route=%2Fwp%2Fv2%2Fmedia&parent=7"}],"curies":[{"name":"wp","href":"https:\/\/api.w.org\/{rel}","templated":true}]}}